{"id":25582,"date":"2025-03-05T19:20:44","date_gmt":"2025-03-05T16:20:44","guid":{"rendered":"https:\/\/www.beytug.com\/collections\/salle-de-bains\/"},"modified":"2025-03-10T20:47:04","modified_gmt":"2025-03-10T17:47:04","slug":"salle-de-bain","status":"publish","type":"page","link":"https:\/\/www.beytug.com\/fr\/collections\/salle-de-bain\/","title":{"rendered":"Salle de bain"},"content":{"rendered":"\t\t<div data-elementor-type=\"wp-page\" data-elementor-id=\"25582\" class=\"elementor elementor-25582 elementor-8627\">\n\t\t\t\t<div class=\"elementor-element elementor-element-39669cdf e-flex e-con-boxed e-con e-parent\" data-id=\"39669cdf\" data-element_type=\"container\" data-settings=\"{&quot;background_background&quot;:&quot;classic&quot;}\">\n\t\t\t\t\t<div class=\"e-con-inner\">\n\t\t\t\t<div class=\"elementor-element elementor-element-2ae54648 elementor-widget elementor-widget-hfe-breadcrumbs-widget\" data-id=\"2ae54648\" data-element_type=\"widget\" data-widget_type=\"hfe-breadcrumbs-widget.default\">\n\t\t\t\t<div class=\"elementor-widget-container\">\n\t\t\t\t\t<ul class=\"hfe-breadcrumbs hfe-breadcrumbs-show-home\"><li class=\"hfe-breadcrumbs-item hfe-breadcrumbs-first\"><span class=\"hfe-breadcrumbs-home-icon\"><svg aria-hidden=\"true\" class=\"e-font-icon-svg e-fas-home\" viewBox=\"0 0 576 512\" xmlns=\"http:\/\/www.w3.org\/2000\/svg\"><path d=\"M280.37 148.26L96 300.11V464a16 16 0 0 0 16 16l112.06-.29a16 16 0 0 0 15.92-16V368a16 16 0 0 1 16-16h64a16 16 0 0 1 16 16v95.64a16 16 0 0 0 16 16.05L464 480a16 16 0 0 0 16-16V300L295.67 148.26a12.19 12.19 0 0 0-15.3 0zM571.6 251.47L488 182.56V44.05a12 12 0 0 0-12-12h-56a12 12 0 0 0-12 12v72.61L318.47 43a48 48 0 0 0-61 0L4.34 251.47a12 12 0 0 0-1.6 16.9l25.5 31A12 12 0 0 0 45.15 301l235.22-193.74a12.19 12.19 0 0 1 15.3 0L530.9 301a12 12 0 0 0 16.9-1.6l25.5-31a12 12 0 0 0-1.7-16.93z\"><\/path><\/svg><\/span><a href=\"https:\/\/www.beytug.com\/fr\/\"><span class=\"hfe-breadcrumbs-text\">Accueil<\/span><\/a><\/li><\/ul>\t\t\t\t<\/div>\n\t\t\t\t<\/div>\n\t\t\t\t<div class=\"elementor-element elementor-element-7b9ba2f5 animated-fast elementor-invisible elementor-widget elementor-widget-heading\" data-id=\"7b9ba2f5\" data-element_type=\"widget\" data-settings=\"{&quot;_animation&quot;:&quot;fadeIn&quot;}\" data-widget_type=\"heading.default\">\n\t\t\t\t<div class=\"elementor-widget-container\">\n\t\t\t\t\t<h2 class=\"elementor-heading-title elementor-size-default\">Salle de bain<\/h2>\t\t\t\t<\/div>\n\t\t\t\t<\/div>\n\t\t<div class=\"elementor-element elementor-element-4c0f1261 e-con-full e-flex e-con e-child\" data-id=\"4c0f1261\" data-element_type=\"container\">\n\t\t<div class=\"elementor-element elementor-element-3ac61e5 e-con-full e-flex elementor-invisible e-con e-child\" data-id=\"3ac61e5\" data-element_type=\"container\" data-settings=\"{&quot;animation&quot;:&quot;fadeInRight&quot;,&quot;animation_delay&quot;:150}\">\n\t\t<div class=\"elementor-element elementor-element-48329d70 e-con-full e-flex e-con e-child\" data-id=\"48329d70\" data-element_type=\"container\" data-settings=\"{&quot;background_background&quot;:&quot;classic&quot;}\">\n\t\t\t\t<div class=\"elementor-element elementor-element-3c127aa1 image-shadow elementor-widget elementor-widget-image\" data-id=\"3c127aa1\" data-element_type=\"widget\" data-widget_type=\"image.default\">\n\t\t\t\t<div class=\"elementor-widget-container\">\n\t\t\t\t\t\t\t\t\t\t\t\t\t\t\t<img fetchpriority=\"high\" decoding=\"async\" width=\"720\" height=\"1024\" src=\"https:\/\/www.beytug.com\/wp-content\/uploads\/2025\/03\/Tropikhome-shower-curtains-scaled-2-720x1024.webp\" class=\"attachment-large size-large wp-image-7432\" alt=\"\" srcset=\"https:\/\/www.beytug.com\/wp-content\/uploads\/2025\/03\/Tropikhome-shower-curtains-scaled-2-720x1024.webp 720w, https:\/\/www.beytug.com\/wp-content\/uploads\/2025\/03\/Tropikhome-shower-curtains-scaled-2-211x300.webp 211w, https:\/\/www.beytug.com\/wp-content\/uploads\/2025\/03\/Tropikhome-shower-curtains-scaled-2-768x1092.webp 768w, https:\/\/www.beytug.com\/wp-content\/uploads\/2025\/03\/Tropikhome-shower-curtains-scaled-2-1081x1536.webp 1081w, https:\/\/www.beytug.com\/wp-content\/uploads\/2025\/03\/Tropikhome-shower-curtains-scaled-2-1441x2048.webp 1441w, https:\/\/www.beytug.com\/wp-content\/uploads\/2025\/03\/Tropikhome-shower-curtains-scaled-2.webp 1801w\" sizes=\"(max-width: 720px) 100vw, 720px\" \/>\t\t\t\t\t\t\t\t\t\t\t\t\t\t\t<\/div>\n\t\t\t\t<\/div>\n\t\t\t\t<\/div>\n\t\t<div class=\"elementor-element elementor-element-d9317fa e-con-full e-flex e-con e-child\" data-id=\"d9317fa\" data-element_type=\"container\">\n\t\t\t\t<div class=\"elementor-element elementor-element-58f15a4 elementor-widget elementor-widget-jkit_button\" data-id=\"58f15a4\" data-element_type=\"widget\" data-widget_type=\"jkit_button.default\">\n\t\t\t\t<div class=\"elementor-widget-container\">\n\t\t\t\t\t<div  class=\"jeg-elementor-kit jkit-button  icon-position-before jeg_module___69e399fd0c4c9\" ><a href=\"https:\/\/www.beytug.com\/tropikhome-shower-curtains\/\" class=\"jkit-button-wrapper\" target=\"_blank\">View<\/a><\/div>\t\t\t\t<\/div>\n\t\t\t\t<\/div>\n\t\t\t\t<div class=\"elementor-element elementor-element-23de3b4 elementor-widget elementor-widget-jkit_button\" data-id=\"23de3b4\" data-element_type=\"widget\" data-widget_type=\"jkit_button.default\">\n\t\t\t\t<div class=\"elementor-widget-container\">\n\t\t\t\t\t<div  class=\"jeg-elementor-kit jkit-button  icon-position-before jeg_module__1_69e399fd0cda1\" ><a href=\"https:\/\/www.beytug.com\/wp-content\/uploads\/2023\/01\/Tropikhome-shower-curtains-Catalog-2024-sikistirildi.pdf\" class=\"jkit-button-wrapper\" target=\"_blank\">T\u00e9l\u00e9charger<\/a><\/div>\t\t\t\t<\/div>\n\t\t\t\t<\/div>\n\t\t\t\t<\/div>\n\t\t\t\t<\/div>\n\t\t<div class=\"elementor-element elementor-element-27cd8f1d e-con-full e-flex elementor-invisible e-con e-child\" data-id=\"27cd8f1d\" data-element_type=\"container\" data-settings=\"{&quot;animation&quot;:&quot;fadeInRight&quot;,&quot;animation_delay&quot;:100}\">\n\t\t<div class=\"elementor-element elementor-element-65e00ce8 e-con-full e-flex e-con e-child\" data-id=\"65e00ce8\" data-element_type=\"container\" data-settings=\"{&quot;background_background&quot;:&quot;classic&quot;}\">\n\t\t\t\t<div class=\"elementor-element elementor-element-502caf62 image-shadow elementor-widget elementor-widget-image\" data-id=\"502caf62\" data-element_type=\"widget\" data-widget_type=\"image.default\">\n\t\t\t\t<div class=\"elementor-widget-container\">\n\t\t\t\t\t\t\t\t\t\t\t\t\t\t\t<img decoding=\"async\" width=\"800\" height=\"784\" src=\"https:\/\/www.beytug.com\/wp-content\/uploads\/2025\/03\/Jackline-Shower-Curtains-scaled-2-1024x1003.webp\" class=\"attachment-large size-large wp-image-7436\" alt=\"\" srcset=\"https:\/\/www.beytug.com\/wp-content\/uploads\/2025\/03\/Jackline-Shower-Curtains-scaled-2-1024x1003.webp 1024w, https:\/\/www.beytug.com\/wp-content\/uploads\/2025\/03\/Jackline-Shower-Curtains-scaled-2-300x294.webp 300w, https:\/\/www.beytug.com\/wp-content\/uploads\/2025\/03\/Jackline-Shower-Curtains-scaled-2-768x752.webp 768w, https:\/\/www.beytug.com\/wp-content\/uploads\/2025\/03\/Jackline-Shower-Curtains-scaled-2-1536x1504.webp 1536w, https:\/\/www.beytug.com\/wp-content\/uploads\/2025\/03\/Jackline-Shower-Curtains-scaled-2-2048x2006.webp 2048w\" sizes=\"(max-width: 800px) 100vw, 800px\" \/>\t\t\t\t\t\t\t\t\t\t\t\t\t\t\t<\/div>\n\t\t\t\t<\/div>\n\t\t\t\t<\/div>\n\t\t<div class=\"elementor-element elementor-element-8dddd44 e-con-full e-flex e-con e-child\" data-id=\"8dddd44\" data-element_type=\"container\">\n\t\t\t\t<div class=\"elementor-element elementor-element-0ec26b2 elementor-widget elementor-widget-jkit_button\" data-id=\"0ec26b2\" data-element_type=\"widget\" data-widget_type=\"jkit_button.default\">\n\t\t\t\t<div class=\"elementor-widget-container\">\n\t\t\t\t\t<div  class=\"jeg-elementor-kit jkit-button  icon-position-before jeg_module__2_69e399fd0d514\" ><a href=\"https:\/\/www.beytug.com\/jackline-shower-curtains-catalog\/\" class=\"jkit-button-wrapper\" target=\"_blank\">View<\/a><\/div>\t\t\t\t<\/div>\n\t\t\t\t<\/div>\n\t\t\t\t<div class=\"elementor-element elementor-element-b374d26 elementor-widget elementor-widget-jkit_button\" data-id=\"b374d26\" data-element_type=\"widget\" data-widget_type=\"jkit_button.default\">\n\t\t\t\t<div class=\"elementor-widget-container\">\n\t\t\t\t\t<div  class=\"jeg-elementor-kit jkit-button  icon-position-before jeg_module__3_69e399fd0dc87\" ><a href=\"https:\/\/www.beytug.com\/wp-content\/uploads\/2022\/03\/Jackline-2025-2-sikistirildi-1.pdf\" class=\"jkit-button-wrapper\" target=\"_blank\">T\u00e9l\u00e9charger<\/a><\/div>\t\t\t\t<\/div>\n\t\t\t\t<\/div>\n\t\t\t\t<\/div>\n\t\t\t\t<\/div>\n\t\t<div class=\"elementor-element elementor-element-9faaf2 e-con-full e-flex elementor-invisible e-con e-child\" data-id=\"9faaf2\" data-element_type=\"container\" data-settings=\"{&quot;animation&quot;:&quot;fadeInRight&quot;,&quot;animation_delay&quot;:200}\">\n\t\t<div class=\"elementor-element elementor-element-2553abe3 e-con-full e-flex e-con e-child\" data-id=\"2553abe3\" data-element_type=\"container\" data-settings=\"{&quot;background_background&quot;:&quot;classic&quot;}\">\n\t\t\t\t<div class=\"elementor-element elementor-element-58b33f9c image-shadow elementor-widget elementor-widget-image\" data-id=\"58b33f9c\" data-element_type=\"widget\" data-widget_type=\"image.default\">\n\t\t\t\t<div class=\"elementor-widget-container\">\n\t\t\t\t\t\t\t\t\t\t\t\t\t\t\t<img decoding=\"async\" width=\"800\" height=\"784\" src=\"https:\/\/www.beytug.com\/wp-content\/uploads\/2025\/03\/Tropik-Shower-Curtains-scaled-2-1024x1003.webp\" class=\"attachment-large size-large wp-image-7440\" alt=\"\" srcset=\"https:\/\/www.beytug.com\/wp-content\/uploads\/2025\/03\/Tropik-Shower-Curtains-scaled-2-1024x1003.webp 1024w, https:\/\/www.beytug.com\/wp-content\/uploads\/2025\/03\/Tropik-Shower-Curtains-scaled-2-300x294.webp 300w, https:\/\/www.beytug.com\/wp-content\/uploads\/2025\/03\/Tropik-Shower-Curtains-scaled-2-768x752.webp 768w, https:\/\/www.beytug.com\/wp-content\/uploads\/2025\/03\/Tropik-Shower-Curtains-scaled-2-1536x1504.webp 1536w, https:\/\/www.beytug.com\/wp-content\/uploads\/2025\/03\/Tropik-Shower-Curtains-scaled-2-2048x2006.webp 2048w\" sizes=\"(max-width: 800px) 100vw, 800px\" \/>\t\t\t\t\t\t\t\t\t\t\t\t\t\t\t<\/div>\n\t\t\t\t<\/div>\n\t\t\t\t<\/div>\n\t\t<div class=\"elementor-element elementor-element-517123f e-con-full e-flex e-con e-child\" data-id=\"517123f\" data-element_type=\"container\">\n\t\t\t\t<div class=\"elementor-element elementor-element-7baf210 elementor-widget elementor-widget-jkit_button\" data-id=\"7baf210\" data-element_type=\"widget\" data-widget_type=\"jkit_button.default\">\n\t\t\t\t<div class=\"elementor-widget-container\">\n\t\t\t\t\t<div  class=\"jeg-elementor-kit jkit-button  icon-position-before jeg_module__4_69e399fd0e445\" ><a href=\"https:\/\/www.beytug.com\/tropik-shower-curtains\/\" class=\"jkit-button-wrapper\" target=\"_blank\">View<\/a><\/div>\t\t\t\t<\/div>\n\t\t\t\t<\/div>\n\t\t\t\t<div class=\"elementor-element elementor-element-b93ebf2 elementor-widget elementor-widget-jkit_button\" data-id=\"b93ebf2\" data-element_type=\"widget\" data-widget_type=\"jkit_button.default\">\n\t\t\t\t<div class=\"elementor-widget-container\">\n\t\t\t\t\t<div  class=\"jeg-elementor-kit jkit-button  icon-position-before jeg_module__5_69e399fd0ebdf\" ><a href=\"https:\/\/www.beytug.com\/wp-content\/uploads\/2022\/03\/Tropik-2025-1-1.pdf\" class=\"jkit-button-wrapper\" target=\"_blank\">T\u00e9l\u00e9charger<\/a><\/div>\t\t\t\t<\/div>\n\t\t\t\t<\/div>\n\t\t\t\t<\/div>\n\t\t\t\t<\/div>\n\t\t\t\t<\/div>\n\t\t<div class=\"elementor-element elementor-element-2c12e1e3 e-con-full e-flex e-con e-child\" data-id=\"2c12e1e3\" data-element_type=\"container\">\n\t\t<div class=\"elementor-element elementor-element-28eb1ff3 e-con-full e-flex elementor-invisible e-con e-child\" data-id=\"28eb1ff3\" data-element_type=\"container\" data-settings=\"{&quot;animation&quot;:&quot;fadeInRight&quot;,&quot;animation_delay&quot;:150}\">\n\t\t<div class=\"elementor-element elementor-element-3ed5e15d e-con-full e-flex e-con e-child\" data-id=\"3ed5e15d\" data-element_type=\"container\" data-settings=\"{&quot;background_background&quot;:&quot;classic&quot;}\">\n\t\t\t\t<div class=\"elementor-element elementor-element-32c6bb49 image-shadow elementor-widget elementor-widget-image\" data-id=\"32c6bb49\" data-element_type=\"widget\" data-widget_type=\"image.default\">\n\t\t\t\t<div class=\"elementor-widget-container\">\n\t\t\t\t\t\t\t\t\t\t\t\t\t\t\t<img loading=\"lazy\" decoding=\"async\" width=\"724\" height=\"1024\" src=\"https:\/\/www.beytug.com\/wp-content\/uploads\/2025\/03\/Gunce-Shower-Curtains-scaled-2-724x1024.webp\" class=\"attachment-large size-large wp-image-7448\" alt=\"\" srcset=\"https:\/\/www.beytug.com\/wp-content\/uploads\/2025\/03\/Gunce-Shower-Curtains-scaled-2-724x1024.webp 724w, https:\/\/www.beytug.com\/wp-content\/uploads\/2025\/03\/Gunce-Shower-Curtains-scaled-2-212x300.webp 212w, https:\/\/www.beytug.com\/wp-content\/uploads\/2025\/03\/Gunce-Shower-Curtains-scaled-2-768x1086.webp 768w, https:\/\/www.beytug.com\/wp-content\/uploads\/2025\/03\/Gunce-Shower-Curtains-scaled-2-1086x1536.webp 1086w, https:\/\/www.beytug.com\/wp-content\/uploads\/2025\/03\/Gunce-Shower-Curtains-scaled-2-1448x2048.webp 1448w, https:\/\/www.beytug.com\/wp-content\/uploads\/2025\/03\/Gunce-Shower-Curtains-scaled-2.webp 1810w\" sizes=\"(max-width: 724px) 100vw, 724px\" \/>\t\t\t\t\t\t\t\t\t\t\t\t\t\t\t<\/div>\n\t\t\t\t<\/div>\n\t\t\t\t<\/div>\n\t\t<div class=\"elementor-element elementor-element-492de4e e-con-full e-flex e-con e-child\" data-id=\"492de4e\" data-element_type=\"container\">\n\t\t\t\t<div class=\"elementor-element elementor-element-b5f2c8b elementor-widget elementor-widget-jkit_button\" data-id=\"b5f2c8b\" data-element_type=\"widget\" data-widget_type=\"jkit_button.default\">\n\t\t\t\t<div class=\"elementor-widget-container\">\n\t\t\t\t\t<div  class=\"jeg-elementor-kit jkit-button  icon-position-before jeg_module__6_69e399fd0f342\" ><a href=\"https:\/\/www.beytug.com\/gunce-shower-curtains\/\" class=\"jkit-button-wrapper\" target=\"_blank\">View<\/a><\/div>\t\t\t\t<\/div>\n\t\t\t\t<\/div>\n\t\t\t\t<div class=\"elementor-element elementor-element-74361b1 elementor-widget elementor-widget-jkit_button\" data-id=\"74361b1\" data-element_type=\"widget\" data-widget_type=\"jkit_button.default\">\n\t\t\t\t<div class=\"elementor-widget-container\">\n\t\t\t\t\t<div  class=\"jeg-elementor-kit jkit-button  icon-position-before jeg_module__7_69e399fd0fa8f\" ><a href=\"https:\/\/www.beytug.com\/wp-content\/uploads\/2022\/03\/gunce-2025.pdf\" class=\"jkit-button-wrapper\" target=\"_blank\">T\u00e9l\u00e9charger<\/a><\/div>\t\t\t\t<\/div>\n\t\t\t\t<\/div>\n\t\t\t\t<\/div>\n\t\t\t\t<\/div>\n\t\t<div class=\"elementor-element elementor-element-5922ba66 e-con-full e-flex elementor-invisible e-con e-child\" data-id=\"5922ba66\" data-element_type=\"container\" data-settings=\"{&quot;animation&quot;:&quot;fadeInRight&quot;,&quot;animation_delay&quot;:150}\">\n\t\t<div class=\"elementor-element elementor-element-4430bb51 e-con-full e-flex e-con e-child\" data-id=\"4430bb51\" data-element_type=\"container\" data-settings=\"{&quot;background_background&quot;:&quot;classic&quot;}\">\n\t\t\t\t<div class=\"elementor-element elementor-element-61085c04 image-shadow elementor-widget elementor-widget-image\" data-id=\"61085c04\" data-element_type=\"widget\" data-widget_type=\"image.default\">\n\t\t\t\t<div class=\"elementor-widget-container\">\n\t\t\t\t\t\t\t\t\t\t\t\t\t\t\t<img loading=\"lazy\" decoding=\"async\" width=\"721\" height=\"1024\" src=\"https:\/\/www.beytug.com\/wp-content\/uploads\/2025\/03\/Evdy-Shower-Curtains-1-721x1024.webp\" class=\"attachment-large size-large wp-image-7452\" alt=\"\" srcset=\"https:\/\/www.beytug.com\/wp-content\/uploads\/2025\/03\/Evdy-Shower-Curtains-1-721x1024.webp 721w, https:\/\/www.beytug.com\/wp-content\/uploads\/2025\/03\/Evdy-Shower-Curtains-1-211x300.webp 211w, https:\/\/www.beytug.com\/wp-content\/uploads\/2025\/03\/Evdy-Shower-Curtains-1-768x1091.webp 768w, https:\/\/www.beytug.com\/wp-content\/uploads\/2025\/03\/Evdy-Shower-Curtains-1-1082x1536.webp 1082w, https:\/\/www.beytug.com\/wp-content\/uploads\/2025\/03\/Evdy-Shower-Curtains-1-1442x2048.webp 1442w, https:\/\/www.beytug.com\/wp-content\/uploads\/2025\/03\/Evdy-Shower-Curtains-1.webp 1747w\" sizes=\"(max-width: 721px) 100vw, 721px\" \/>\t\t\t\t\t\t\t\t\t\t\t\t\t\t\t<\/div>\n\t\t\t\t<\/div>\n\t\t\t\t<\/div>\n\t\t<div class=\"elementor-element elementor-element-47f5d40 e-con-full e-flex e-con e-child\" data-id=\"47f5d40\" data-element_type=\"container\">\n\t\t\t\t<div class=\"elementor-element elementor-element-12b8134 elementor-widget elementor-widget-jkit_button\" data-id=\"12b8134\" data-element_type=\"widget\" data-widget_type=\"jkit_button.default\">\n\t\t\t\t<div class=\"elementor-widget-container\">\n\t\t\t\t\t<div  class=\"jeg-elementor-kit jkit-button  icon-position-before jeg_module__8_69e399fd10229\" ><a href=\"https:\/\/www.beytug.com\/evdy-shower-curtains-catalog\/\" class=\"jkit-button-wrapper\" target=\"_blank\">View<\/a><\/div>\t\t\t\t<\/div>\n\t\t\t\t<\/div>\n\t\t\t\t<div class=\"elementor-element elementor-element-ec1d357 elementor-widget elementor-widget-jkit_button\" data-id=\"ec1d357\" data-element_type=\"widget\" data-widget_type=\"jkit_button.default\">\n\t\t\t\t<div class=\"elementor-widget-container\">\n\t\t\t\t\t<div  class=\"jeg-elementor-kit jkit-button  icon-position-before jeg_module__9_69e399fd109d0\" ><a href=\"https:\/\/www.beytug.com\/wp-content\/uploads\/2022\/03\/evdy-2025.pdf\" class=\"jkit-button-wrapper\" target=\"_blank\">T\u00e9l\u00e9charger<\/a><\/div>\t\t\t\t<\/div>\n\t\t\t\t<\/div>\n\t\t\t\t<\/div>\n\t\t\t\t<\/div>\n\t\t\t\t<\/div>\n\t\t\t\t\t<\/div>\n\t\t\t\t<\/div>\n\t\t<div class=\"elementor-element elementor-element-a2e3420 e-con-full e-flex e-con e-parent\" data-id=\"a2e3420\" data-element_type=\"container\">\n\t\t\t\t<div class=\"elementor-element elementor-element-3cc8917 elementor-widget__width-inherit elementor-widget elementor-widget-html\" data-id=\"3cc8917\" data-element_type=\"widget\" data-widget_type=\"html.default\">\n\t\t\t\t<div class=\"elementor-widget-container\">\n\t\t\t\t\t<a href=\"https:\/\/wa.me\/905423014968\" target=\"_blank\" class=\"whatsapp-button\"><img decoding=\"async\" src=\"https:\/\/upload.wikimedia.org\/wikipedia\/commons\/6\/6b\/WhatsApp.svg\" alt=\"WhatsApp\" width=\"57\"><\/a><style>.whatsapp-button {\n        position: fixed;\n        bottom:78px;\n        right: 8px;\n        z-index: 999;\n    }\n<\/style>\t\t\t\t<\/div>\n\t\t\t\t<\/div>\n\t\t\t\t<\/div>\n\t\t\t\t<\/div>\n\t\t","protected":false},"excerpt":{"rendered":"<p>Accueil Salle de bain View T\u00e9l\u00e9charger View T\u00e9l\u00e9charger View T\u00e9l\u00e9charger View T\u00e9l\u00e9charger View T\u00e9l\u00e9charger<\/p>\n","protected":false},"author":5,"featured_media":0,"parent":25568,"menu_order":0,"comment_status":"closed","ping_status":"closed","template":"","meta":{"footnotes":""},"class_list":["post-25582","page","type-page","status-publish","hentry"],"acf":[],"yoast_head":"<!-- This site is optimized with the Yoast SEO plugin v24.5 - https:\/\/yoast.com\/wordpress\/plugins\/seo\/ -->\n<title>Salle de bain - Beytu\u011f Tekstil<\/title>\n<meta name=\"robots\" content=\"index, follow, max-snippet:-1, max-image-preview:large, max-video-preview:-1\" \/>\n<link rel=\"canonical\" href=\"https:\/\/www.beytug.com\/fr\/collections\/salle-de-bain\/\" \/>\n<meta property=\"og:locale\" content=\"fr_FR\" \/>\n<meta property=\"og:type\" content=\"article\" \/>\n<meta property=\"og:title\" content=\"Salle de bain - Beytu\u011f Tekstil\" \/>\n<meta property=\"og:description\" content=\"Accueil Salle de bain View T\u00e9l\u00e9charger View T\u00e9l\u00e9charger View T\u00e9l\u00e9charger View T\u00e9l\u00e9charger View T\u00e9l\u00e9charger\" \/>\n<meta property=\"og:url\" content=\"https:\/\/www.beytug.com\/fr\/collections\/salle-de-bain\/\" \/>\n<meta property=\"og:site_name\" content=\"Beytu\u011f Tekstil\" \/>\n<meta property=\"article:modified_time\" content=\"2025-03-10T17:47:04+00:00\" \/>\n<meta property=\"og:image\" content=\"https:\/\/www.beytug.com\/wp-content\/uploads\/2025\/03\/Tropikhome-shower-curtains-scaled-2-720x1024.webp\" \/>\n<meta name=\"twitter:card\" content=\"summary_large_image\" \/>\n<meta name=\"twitter:label1\" content=\"Dur\u00e9e de lecture estim\u00e9e\" \/>\n\t<meta name=\"twitter:data1\" content=\"2 minutes\" \/>\n<script type=\"application\/ld+json\" class=\"yoast-schema-graph\">{\"@context\":\"https:\/\/schema.org\",\"@graph\":[{\"@type\":\"WebPage\",\"@id\":\"https:\/\/www.beytug.com\/fr\/collections\/salle-de-bain\/\",\"url\":\"https:\/\/www.beytug.com\/fr\/collections\/salle-de-bain\/\",\"name\":\"Salle de bain - Beytu\u011f Tekstil\",\"isPartOf\":{\"@id\":\"https:\/\/www.beytug.com\/fr\/#website\"},\"primaryImageOfPage\":{\"@id\":\"https:\/\/www.beytug.com\/fr\/collections\/salle-de-bain\/#primaryimage\"},\"image\":{\"@id\":\"https:\/\/www.beytug.com\/fr\/collections\/salle-de-bain\/#primaryimage\"},\"thumbnailUrl\":\"https:\/\/www.beytug.com\/wp-content\/uploads\/2025\/03\/Tropikhome-shower-curtains-scaled-2-720x1024.webp\",\"datePublished\":\"2025-03-05T16:20:44+00:00\",\"dateModified\":\"2025-03-10T17:47:04+00:00\",\"breadcrumb\":{\"@id\":\"https:\/\/www.beytug.com\/fr\/collections\/salle-de-bain\/#breadcrumb\"},\"inLanguage\":\"fr-FR\",\"potentialAction\":[{\"@type\":\"ReadAction\",\"target\":[\"https:\/\/www.beytug.com\/fr\/collections\/salle-de-bain\/\"]}]},{\"@type\":\"ImageObject\",\"inLanguage\":\"fr-FR\",\"@id\":\"https:\/\/www.beytug.com\/fr\/collections\/salle-de-bain\/#primaryimage\",\"url\":\"https:\/\/www.beytug.com\/wp-content\/uploads\/2025\/03\/Tropikhome-shower-curtains-scaled-2-720x1024.webp\",\"contentUrl\":\"https:\/\/www.beytug.com\/wp-content\/uploads\/2025\/03\/Tropikhome-shower-curtains-scaled-2-720x1024.webp\"},{\"@type\":\"BreadcrumbList\",\"@id\":\"https:\/\/www.beytug.com\/fr\/collections\/salle-de-bain\/#breadcrumb\",\"itemListElement\":[{\"@type\":\"ListItem\",\"position\":1,\"name\":\"Home\",\"item\":\"https:\/\/www.beytug.com\/fr\/\"},{\"@type\":\"ListItem\",\"position\":2,\"name\":\"Collections\",\"item\":\"https:\/\/www.beytug.com\/fr\/collections\/\"},{\"@type\":\"ListItem\",\"position\":3,\"name\":\"Salle de bain\"}]},{\"@type\":\"WebSite\",\"@id\":\"https:\/\/www.beytug.com\/fr\/#website\",\"url\":\"https:\/\/www.beytug.com\/fr\/\",\"name\":\"Beytu\u011f Tekstil\",\"description\":\"\",\"potentialAction\":[{\"@type\":\"SearchAction\",\"target\":{\"@type\":\"EntryPoint\",\"urlTemplate\":\"https:\/\/www.beytug.com\/fr\/?s={search_term_string}\"},\"query-input\":{\"@type\":\"PropertyValueSpecification\",\"valueRequired\":true,\"valueName\":\"search_term_string\"}}],\"inLanguage\":\"fr-FR\"}]}<\/script>\n<!-- \/ Yoast SEO plugin. -->","yoast_head_json":{"title":"Salle de bain - Beytu\u011f Tekstil","robots":{"index":"index","follow":"follow","max-snippet":"max-snippet:-1","max-image-preview":"max-image-preview:large","max-video-preview":"max-video-preview:-1"},"canonical":"https:\/\/www.beytug.com\/fr\/collections\/salle-de-bain\/","og_locale":"fr_FR","og_type":"article","og_title":"Salle de bain - Beytu\u011f Tekstil","og_description":"Accueil Salle de bain View T\u00e9l\u00e9charger View T\u00e9l\u00e9charger View T\u00e9l\u00e9charger View T\u00e9l\u00e9charger View T\u00e9l\u00e9charger","og_url":"https:\/\/www.beytug.com\/fr\/collections\/salle-de-bain\/","og_site_name":"Beytu\u011f Tekstil","article_modified_time":"2025-03-10T17:47:04+00:00","og_image":[{"url":"https:\/\/www.beytug.com\/wp-content\/uploads\/2025\/03\/Tropikhome-shower-curtains-scaled-2-720x1024.webp","type":"","width":"","height":""}],"twitter_card":"summary_large_image","twitter_misc":{"Dur\u00e9e de lecture estim\u00e9e":"2 minutes"},"schema":{"@context":"https:\/\/schema.org","@graph":[{"@type":"WebPage","@id":"https:\/\/www.beytug.com\/fr\/collections\/salle-de-bain\/","url":"https:\/\/www.beytug.com\/fr\/collections\/salle-de-bain\/","name":"Salle de bain - Beytu\u011f Tekstil","isPartOf":{"@id":"https:\/\/www.beytug.com\/fr\/#website"},"primaryImageOfPage":{"@id":"https:\/\/www.beytug.com\/fr\/collections\/salle-de-bain\/#primaryimage"},"image":{"@id":"https:\/\/www.beytug.com\/fr\/collections\/salle-de-bain\/#primaryimage"},"thumbnailUrl":"https:\/\/www.beytug.com\/wp-content\/uploads\/2025\/03\/Tropikhome-shower-curtains-scaled-2-720x1024.webp","datePublished":"2025-03-05T16:20:44+00:00","dateModified":"2025-03-10T17:47:04+00:00","breadcrumb":{"@id":"https:\/\/www.beytug.com\/fr\/collections\/salle-de-bain\/#breadcrumb"},"inLanguage":"fr-FR","potentialAction":[{"@type":"ReadAction","target":["https:\/\/www.beytug.com\/fr\/collections\/salle-de-bain\/"]}]},{"@type":"ImageObject","inLanguage":"fr-FR","@id":"https:\/\/www.beytug.com\/fr\/collections\/salle-de-bain\/#primaryimage","url":"https:\/\/www.beytug.com\/wp-content\/uploads\/2025\/03\/Tropikhome-shower-curtains-scaled-2-720x1024.webp","contentUrl":"https:\/\/www.beytug.com\/wp-content\/uploads\/2025\/03\/Tropikhome-shower-curtains-scaled-2-720x1024.webp"},{"@type":"BreadcrumbList","@id":"https:\/\/www.beytug.com\/fr\/collections\/salle-de-bain\/#breadcrumb","itemListElement":[{"@type":"ListItem","position":1,"name":"Home","item":"https:\/\/www.beytug.com\/fr\/"},{"@type":"ListItem","position":2,"name":"Collections","item":"https:\/\/www.beytug.com\/fr\/collections\/"},{"@type":"ListItem","position":3,"name":"Salle de bain"}]},{"@type":"WebSite","@id":"https:\/\/www.beytug.com\/fr\/#website","url":"https:\/\/www.beytug.com\/fr\/","name":"Beytu\u011f Tekstil","description":"","potentialAction":[{"@type":"SearchAction","target":{"@type":"EntryPoint","urlTemplate":"https:\/\/www.beytug.com\/fr\/?s={search_term_string}"},"query-input":{"@type":"PropertyValueSpecification","valueRequired":true,"valueName":"search_term_string"}}],"inLanguage":"fr-FR"}]}},"jetpack_sharing_enabled":true,"_links":{"self":[{"href":"https:\/\/www.beytug.com\/fr\/wp-json\/wp\/v2\/pages\/25582","targetHints":{"allow":["GET"]}}],"collection":[{"href":"https:\/\/www.beytug.com\/fr\/wp-json\/wp\/v2\/pages"}],"about":[{"href":"https:\/\/www.beytug.com\/fr\/wp-json\/wp\/v2\/types\/page"}],"author":[{"embeddable":true,"href":"https:\/\/www.beytug.com\/fr\/wp-json\/wp\/v2\/users\/5"}],"replies":[{"embeddable":true,"href":"https:\/\/www.beytug.com\/fr\/wp-json\/wp\/v2\/comments?post=25582"}],"version-history":[{"count":15,"href":"https:\/\/www.beytug.com\/fr\/wp-json\/wp\/v2\/pages\/25582\/revisions"}],"predecessor-version":[{"id":25800,"href":"https:\/\/www.beytug.com\/fr\/wp-json\/wp\/v2\/pages\/25582\/revisions\/25800"}],"up":[{"embeddable":true,"href":"https:\/\/www.beytug.com\/fr\/wp-json\/wp\/v2\/pages\/25568"}],"wp:attachment":[{"href":"https:\/\/www.beytug.com\/fr\/wp-json\/wp\/v2\/media?parent=25582"}],"curies":[{"name":"wp","href":"https:\/\/api.w.org\/{rel}","templated":true}]}}