{"id":25609,"date":"2025-03-05T19:23:43","date_gmt":"2025-03-05T16:23:43","guid":{"rendered":"https:\/\/www.beytug.com\/collections\/arts-de-la-table-et-cuisine\/"},"modified":"2025-03-10T20:38:57","modified_gmt":"2025-03-10T17:38:57","slug":"table-et-cuisine","status":"publish","type":"page","link":"https:\/\/www.beytug.com\/fr\/collections\/table-et-cuisine\/","title":{"rendered":"table et cuisine"},"content":{"rendered":"\t\t<div data-elementor-type=\"wp-page\" data-elementor-id=\"25609\" class=\"elementor elementor-25609 elementor-8634\">\n\t\t\t\t<div class=\"elementor-element elementor-element-6235a41e e-flex e-con-boxed e-con e-parent\" data-id=\"6235a41e\" data-element_type=\"container\" data-settings=\"{&quot;background_background&quot;:&quot;classic&quot;}\">\n\t\t\t\t\t<div class=\"e-con-inner\">\n\t\t\t\t<div class=\"elementor-element elementor-element-43ab786e elementor-widget elementor-widget-hfe-breadcrumbs-widget\" data-id=\"43ab786e\" data-element_type=\"widget\" data-widget_type=\"hfe-breadcrumbs-widget.default\">\n\t\t\t\t<div class=\"elementor-widget-container\">\n\t\t\t\t\t<ul class=\"hfe-breadcrumbs hfe-breadcrumbs-show-home\"><li class=\"hfe-breadcrumbs-item hfe-breadcrumbs-first\"><span class=\"hfe-breadcrumbs-home-icon\"><svg aria-hidden=\"true\" class=\"e-font-icon-svg e-fas-home\" viewBox=\"0 0 576 512\" xmlns=\"http:\/\/www.w3.org\/2000\/svg\"><path d=\"M280.37 148.26L96 300.11V464a16 16 0 0 0 16 16l112.06-.29a16 16 0 0 0 15.92-16V368a16 16 0 0 1 16-16h64a16 16 0 0 1 16 16v95.64a16 16 0 0 0 16 16.05L464 480a16 16 0 0 0 16-16V300L295.67 148.26a12.19 12.19 0 0 0-15.3 0zM571.6 251.47L488 182.56V44.05a12 12 0 0 0-12-12h-56a12 12 0 0 0-12 12v72.61L318.47 43a48 48 0 0 0-61 0L4.34 251.47a12 12 0 0 0-1.6 16.9l25.5 31A12 12 0 0 0 45.15 301l235.22-193.74a12.19 12.19 0 0 1 15.3 0L530.9 301a12 12 0 0 0 16.9-1.6l25.5-31a12 12 0 0 0-1.7-16.93z\"><\/path><\/svg><\/span><a href=\"https:\/\/www.beytug.com\/fr\/\"><span class=\"hfe-breadcrumbs-text\">Accueil<\/span><\/a><\/li><\/ul>\t\t\t\t<\/div>\n\t\t\t\t<\/div>\n\t\t\t\t<div class=\"elementor-element elementor-element-6870a5d4 animated-fast elementor-invisible elementor-widget elementor-widget-heading\" data-id=\"6870a5d4\" data-element_type=\"widget\" data-settings=\"{&quot;_animation&quot;:&quot;fadeIn&quot;}\" data-widget_type=\"heading.default\">\n\t\t\t\t<div class=\"elementor-widget-container\">\n\t\t\t\t\t<h2 class=\"elementor-heading-title elementor-size-default\">Table et Cuisine<\/h2>\t\t\t\t<\/div>\n\t\t\t\t<\/div>\n\t\t<div class=\"elementor-element elementor-element-1cc0f953 e-con-full e-flex e-con e-child\" data-id=\"1cc0f953\" data-element_type=\"container\">\n\t\t<div class=\"elementor-element elementor-element-604a79be e-con-full e-flex e-con e-child\" data-id=\"604a79be\" data-element_type=\"container\">\n\t\t<div class=\"elementor-element elementor-element-5ddf7e8c e-con-full e-flex e-con e-child\" data-id=\"5ddf7e8c\" data-element_type=\"container\" data-settings=\"{&quot;background_background&quot;:&quot;classic&quot;}\">\n\t\t\t\t<div class=\"elementor-element elementor-element-15fcc8ea image-shadow elementor-widget elementor-widget-image\" data-id=\"15fcc8ea\" data-element_type=\"widget\" data-widget_type=\"image.default\">\n\t\t\t\t<div class=\"elementor-widget-container\">\n\t\t\t\t\t\t\t\t\t\t\t\t\t\t\t<img fetchpriority=\"high\" decoding=\"async\" width=\"724\" height=\"1024\" src=\"https:\/\/www.beytug.com\/wp-content\/uploads\/2025\/03\/Tableware-and-Decoration-scaled-2-724x1024.webp\" class=\"attachment-large size-large wp-image-7460\" alt=\"\" srcset=\"https:\/\/www.beytug.com\/wp-content\/uploads\/2025\/03\/Tableware-and-Decoration-scaled-2-724x1024.webp 724w, https:\/\/www.beytug.com\/wp-content\/uploads\/2025\/03\/Tableware-and-Decoration-scaled-2-212x300.webp 212w, https:\/\/www.beytug.com\/wp-content\/uploads\/2025\/03\/Tableware-and-Decoration-scaled-2-768x1086.webp 768w, https:\/\/www.beytug.com\/wp-content\/uploads\/2025\/03\/Tableware-and-Decoration-scaled-2-1086x1536.webp 1086w, https:\/\/www.beytug.com\/wp-content\/uploads\/2025\/03\/Tableware-and-Decoration-scaled-2-1448x2048.webp 1448w, https:\/\/www.beytug.com\/wp-content\/uploads\/2025\/03\/Tableware-and-Decoration-scaled-2.webp 1810w\" sizes=\"(max-width: 724px) 100vw, 724px\" \/>\t\t\t\t\t\t\t\t\t\t\t\t\t\t\t<\/div>\n\t\t\t\t<\/div>\n\t\t\t\t<\/div>\n\t\t<div class=\"elementor-element elementor-element-0731621 e-con-full e-flex e-con e-child\" data-id=\"0731621\" data-element_type=\"container\">\n\t\t\t\t<div class=\"elementor-element elementor-element-8f5687f elementor-widget elementor-widget-jkit_button\" data-id=\"8f5687f\" data-element_type=\"widget\" data-widget_type=\"jkit_button.default\">\n\t\t\t\t<div class=\"elementor-widget-container\">\n\t\t\t\t\t<div  class=\"jeg-elementor-kit jkit-button  icon-position-before jeg_module___69e4cf4701970\" ><a href=\"https:\/\/www.beytug.com\/fr\/collections\/table-et-cuisine\/catalogue-des-arts-de-la-table-et-de-la-decoration\/\" class=\"jkit-button-wrapper\" target=\"_blank\">Voir<\/a><\/div>\t\t\t\t<\/div>\n\t\t\t\t<\/div>\n\t\t\t\t<div class=\"elementor-element elementor-element-343f2f7 elementor-widget elementor-widget-jkit_button\" data-id=\"343f2f7\" data-element_type=\"widget\" data-widget_type=\"jkit_button.default\">\n\t\t\t\t<div class=\"elementor-widget-container\">\n\t\t\t\t\t<div  class=\"jeg-elementor-kit jkit-button  icon-position-before jeg_module__1_69e4cf4702380\" ><a href=\"https:\/\/www.beytug.com\/wp-content\/uploads\/2022\/05\/Beytug-2023-Masa-Katalogu.pdf\" class=\"jkit-button-wrapper\" target=\"_blank\">T\u00e9l\u00e9charger<\/a><\/div>\t\t\t\t<\/div>\n\t\t\t\t<\/div>\n\t\t\t\t<\/div>\n\t\t\t\t<\/div>\n\t\t<div class=\"elementor-element elementor-element-abb0be2 e-con-full e-flex e-con e-child\" data-id=\"abb0be2\" data-element_type=\"container\">\n\t\t<div class=\"elementor-element elementor-element-5fb88eea e-con-full e-flex e-con e-child\" data-id=\"5fb88eea\" data-element_type=\"container\" data-settings=\"{&quot;background_background&quot;:&quot;classic&quot;}\">\n\t\t\t\t<div class=\"elementor-element elementor-element-4583629d image-shadow elementor-widget elementor-widget-image\" data-id=\"4583629d\" data-element_type=\"widget\" data-widget_type=\"image.default\">\n\t\t\t\t<div class=\"elementor-widget-container\">\n\t\t\t\t\t\t\t\t\t\t\t\t\t\t\t<img decoding=\"async\" width=\"724\" height=\"1024\" src=\"https:\/\/www.beytug.com\/wp-content\/uploads\/2025\/03\/New-Tableware-and-Decoration-2-scaled-2-724x1024.webp\" class=\"attachment-large size-large wp-image-7456\" alt=\"\" srcset=\"https:\/\/www.beytug.com\/wp-content\/uploads\/2025\/03\/New-Tableware-and-Decoration-2-scaled-2-724x1024.webp 724w, https:\/\/www.beytug.com\/wp-content\/uploads\/2025\/03\/New-Tableware-and-Decoration-2-scaled-2-212x300.webp 212w, https:\/\/www.beytug.com\/wp-content\/uploads\/2025\/03\/New-Tableware-and-Decoration-2-scaled-2-768x1086.webp 768w, https:\/\/www.beytug.com\/wp-content\/uploads\/2025\/03\/New-Tableware-and-Decoration-2-scaled-2-1086x1536.webp 1086w, https:\/\/www.beytug.com\/wp-content\/uploads\/2025\/03\/New-Tableware-and-Decoration-2-scaled-2-1448x2048.webp 1448w, https:\/\/www.beytug.com\/wp-content\/uploads\/2025\/03\/New-Tableware-and-Decoration-2-scaled-2.webp 1810w\" sizes=\"(max-width: 724px) 100vw, 724px\" \/>\t\t\t\t\t\t\t\t\t\t\t\t\t\t\t<\/div>\n\t\t\t\t<\/div>\n\t\t\t\t<\/div>\n\t\t<div class=\"elementor-element elementor-element-12395da e-con-full e-flex e-con e-child\" data-id=\"12395da\" data-element_type=\"container\">\n\t\t\t\t<div class=\"elementor-element elementor-element-9d2e6b5 elementor-widget elementor-widget-jkit_button\" data-id=\"9d2e6b5\" data-element_type=\"widget\" data-widget_type=\"jkit_button.default\">\n\t\t\t\t<div class=\"elementor-widget-container\">\n\t\t\t\t\t<div  class=\"jeg-elementor-kit jkit-button  icon-position-before jeg_module__2_69e4cf4702b91\" ><a href=\"https:\/\/www.beytug.com\/fr\/collections\/table-et-cuisine\/nouveau-catalogue-de-nappes\/\" class=\"jkit-button-wrapper\" target=\"_blank\">Voir<\/a><\/div>\t\t\t\t<\/div>\n\t\t\t\t<\/div>\n\t\t\t\t<div class=\"elementor-element elementor-element-c10c389 elementor-widget elementor-widget-jkit_button\" data-id=\"c10c389\" data-element_type=\"widget\" data-widget_type=\"jkit_button.default\">\n\t\t\t\t<div class=\"elementor-widget-container\">\n\t\t\t\t\t<div  class=\"jeg-elementor-kit jkit-button  icon-position-before jeg_module__3_69e4cf4703314\" ><a href=\"https:\/\/www.beytug.com\/wp-content\/uploads\/2025\/03\/2025-TABLECLOTH-NEW-ITEMS-sikistirildi.pdf\" class=\"jkit-button-wrapper\" target=\"_blank\">T\u00e9l\u00e9charger<\/a><\/div>\t\t\t\t<\/div>\n\t\t\t\t<\/div>\n\t\t\t\t<\/div>\n\t\t\t\t<\/div>\n\t\t\t\t<\/div>\n\t\t\t\t\t<\/div>\n\t\t\t\t<\/div>\n\t\t<div class=\"elementor-element elementor-element-99adce9 e-con-full e-flex e-con e-parent\" data-id=\"99adce9\" data-element_type=\"container\">\n\t\t\t\t<div class=\"elementor-element elementor-element-71d94a2 elementor-widget__width-inherit elementor-widget elementor-widget-html\" data-id=\"71d94a2\" data-element_type=\"widget\" data-widget_type=\"html.default\">\n\t\t\t\t<div class=\"elementor-widget-container\">\n\t\t\t\t\t<a href=\"https:\/\/wa.me\/905423014968\" target=\"_blank\" class=\"whatsapp-button\"><img decoding=\"async\" src=\"https:\/\/upload.wikimedia.org\/wikipedia\/commons\/6\/6b\/WhatsApp.svg\" alt=\"WhatsApp\" width=\"57\"><\/a><style>.whatsapp-button {\n        position: fixed;\n        bottom:78px;\n        right: 8px;\n        z-index: 999;\n    }\n<\/style>\t\t\t\t<\/div>\n\t\t\t\t<\/div>\n\t\t\t\t<\/div>\n\t\t\t\t<\/div>\n\t\t","protected":false},"excerpt":{"rendered":"<p>Accueil Table et Cuisine Voir T\u00e9l\u00e9charger Voir T\u00e9l\u00e9charger<\/p>\n","protected":false},"author":5,"featured_media":0,"parent":25568,"menu_order":0,"comment_status":"closed","ping_status":"closed","template":"","meta":{"footnotes":""},"class_list":["post-25609","page","type-page","status-publish","hentry"],"acf":[],"yoast_head":"<!-- This site is optimized with the Yoast SEO plugin v24.5 - https:\/\/yoast.com\/wordpress\/plugins\/seo\/ -->\n<title>table et cuisine - Beytu\u011f Tekstil<\/title>\n<meta name=\"robots\" content=\"index, follow, max-snippet:-1, max-image-preview:large, max-video-preview:-1\" \/>\n<link rel=\"canonical\" href=\"https:\/\/www.beytug.com\/fr\/collections\/table-et-cuisine\/\" \/>\n<meta property=\"og:locale\" content=\"fr_FR\" \/>\n<meta property=\"og:type\" content=\"article\" \/>\n<meta property=\"og:title\" content=\"table et cuisine - Beytu\u011f Tekstil\" \/>\n<meta property=\"og:description\" content=\"Accueil Table et Cuisine Voir T\u00e9l\u00e9charger Voir T\u00e9l\u00e9charger\" \/>\n<meta property=\"og:url\" content=\"https:\/\/www.beytug.com\/fr\/collections\/table-et-cuisine\/\" \/>\n<meta property=\"og:site_name\" content=\"Beytu\u011f Tekstil\" \/>\n<meta property=\"article:modified_time\" content=\"2025-03-10T17:38:57+00:00\" \/>\n<meta property=\"og:image\" content=\"https:\/\/www.beytug.com\/wp-content\/uploads\/2025\/03\/Tableware-and-Decoration-scaled-2-724x1024.webp\" \/>\n<meta name=\"twitter:card\" content=\"summary_large_image\" \/>\n<meta name=\"twitter:label1\" content=\"Dur\u00e9e de lecture estim\u00e9e\" \/>\n\t<meta name=\"twitter:data1\" content=\"1 minute\" \/>\n<script type=\"application\/ld+json\" class=\"yoast-schema-graph\">{\"@context\":\"https:\/\/schema.org\",\"@graph\":[{\"@type\":\"WebPage\",\"@id\":\"https:\/\/www.beytug.com\/fr\/collections\/table-et-cuisine\/\",\"url\":\"https:\/\/www.beytug.com\/fr\/collections\/table-et-cuisine\/\",\"name\":\"table et cuisine - Beytu\u011f Tekstil\",\"isPartOf\":{\"@id\":\"https:\/\/www.beytug.com\/fr\/#website\"},\"primaryImageOfPage\":{\"@id\":\"https:\/\/www.beytug.com\/fr\/collections\/table-et-cuisine\/#primaryimage\"},\"image\":{\"@id\":\"https:\/\/www.beytug.com\/fr\/collections\/table-et-cuisine\/#primaryimage\"},\"thumbnailUrl\":\"https:\/\/www.beytug.com\/wp-content\/uploads\/2025\/03\/Tableware-and-Decoration-scaled-2-724x1024.webp\",\"datePublished\":\"2025-03-05T16:23:43+00:00\",\"dateModified\":\"2025-03-10T17:38:57+00:00\",\"breadcrumb\":{\"@id\":\"https:\/\/www.beytug.com\/fr\/collections\/table-et-cuisine\/#breadcrumb\"},\"inLanguage\":\"fr-FR\",\"potentialAction\":[{\"@type\":\"ReadAction\",\"target\":[\"https:\/\/www.beytug.com\/fr\/collections\/table-et-cuisine\/\"]}]},{\"@type\":\"ImageObject\",\"inLanguage\":\"fr-FR\",\"@id\":\"https:\/\/www.beytug.com\/fr\/collections\/table-et-cuisine\/#primaryimage\",\"url\":\"https:\/\/www.beytug.com\/wp-content\/uploads\/2025\/03\/Tableware-and-Decoration-scaled-2-724x1024.webp\",\"contentUrl\":\"https:\/\/www.beytug.com\/wp-content\/uploads\/2025\/03\/Tableware-and-Decoration-scaled-2-724x1024.webp\"},{\"@type\":\"BreadcrumbList\",\"@id\":\"https:\/\/www.beytug.com\/fr\/collections\/table-et-cuisine\/#breadcrumb\",\"itemListElement\":[{\"@type\":\"ListItem\",\"position\":1,\"name\":\"Home\",\"item\":\"https:\/\/www.beytug.com\/fr\/\"},{\"@type\":\"ListItem\",\"position\":2,\"name\":\"Collections\",\"item\":\"https:\/\/www.beytug.com\/fr\/collections\/\"},{\"@type\":\"ListItem\",\"position\":3,\"name\":\"table et cuisine\"}]},{\"@type\":\"WebSite\",\"@id\":\"https:\/\/www.beytug.com\/fr\/#website\",\"url\":\"https:\/\/www.beytug.com\/fr\/\",\"name\":\"Beytu\u011f Tekstil\",\"description\":\"\",\"potentialAction\":[{\"@type\":\"SearchAction\",\"target\":{\"@type\":\"EntryPoint\",\"urlTemplate\":\"https:\/\/www.beytug.com\/fr\/?s={search_term_string}\"},\"query-input\":{\"@type\":\"PropertyValueSpecification\",\"valueRequired\":true,\"valueName\":\"search_term_string\"}}],\"inLanguage\":\"fr-FR\"}]}<\/script>\n<!-- \/ Yoast SEO plugin. -->","yoast_head_json":{"title":"table et cuisine - Beytu\u011f Tekstil","robots":{"index":"index","follow":"follow","max-snippet":"max-snippet:-1","max-image-preview":"max-image-preview:large","max-video-preview":"max-video-preview:-1"},"canonical":"https:\/\/www.beytug.com\/fr\/collections\/table-et-cuisine\/","og_locale":"fr_FR","og_type":"article","og_title":"table et cuisine - Beytu\u011f Tekstil","og_description":"Accueil Table et Cuisine Voir T\u00e9l\u00e9charger Voir T\u00e9l\u00e9charger","og_url":"https:\/\/www.beytug.com\/fr\/collections\/table-et-cuisine\/","og_site_name":"Beytu\u011f Tekstil","article_modified_time":"2025-03-10T17:38:57+00:00","og_image":[{"url":"https:\/\/www.beytug.com\/wp-content\/uploads\/2025\/03\/Tableware-and-Decoration-scaled-2-724x1024.webp","type":"","width":"","height":""}],"twitter_card":"summary_large_image","twitter_misc":{"Dur\u00e9e de lecture estim\u00e9e":"1 minute"},"schema":{"@context":"https:\/\/schema.org","@graph":[{"@type":"WebPage","@id":"https:\/\/www.beytug.com\/fr\/collections\/table-et-cuisine\/","url":"https:\/\/www.beytug.com\/fr\/collections\/table-et-cuisine\/","name":"table et cuisine - Beytu\u011f Tekstil","isPartOf":{"@id":"https:\/\/www.beytug.com\/fr\/#website"},"primaryImageOfPage":{"@id":"https:\/\/www.beytug.com\/fr\/collections\/table-et-cuisine\/#primaryimage"},"image":{"@id":"https:\/\/www.beytug.com\/fr\/collections\/table-et-cuisine\/#primaryimage"},"thumbnailUrl":"https:\/\/www.beytug.com\/wp-content\/uploads\/2025\/03\/Tableware-and-Decoration-scaled-2-724x1024.webp","datePublished":"2025-03-05T16:23:43+00:00","dateModified":"2025-03-10T17:38:57+00:00","breadcrumb":{"@id":"https:\/\/www.beytug.com\/fr\/collections\/table-et-cuisine\/#breadcrumb"},"inLanguage":"fr-FR","potentialAction":[{"@type":"ReadAction","target":["https:\/\/www.beytug.com\/fr\/collections\/table-et-cuisine\/"]}]},{"@type":"ImageObject","inLanguage":"fr-FR","@id":"https:\/\/www.beytug.com\/fr\/collections\/table-et-cuisine\/#primaryimage","url":"https:\/\/www.beytug.com\/wp-content\/uploads\/2025\/03\/Tableware-and-Decoration-scaled-2-724x1024.webp","contentUrl":"https:\/\/www.beytug.com\/wp-content\/uploads\/2025\/03\/Tableware-and-Decoration-scaled-2-724x1024.webp"},{"@type":"BreadcrumbList","@id":"https:\/\/www.beytug.com\/fr\/collections\/table-et-cuisine\/#breadcrumb","itemListElement":[{"@type":"ListItem","position":1,"name":"Home","item":"https:\/\/www.beytug.com\/fr\/"},{"@type":"ListItem","position":2,"name":"Collections","item":"https:\/\/www.beytug.com\/fr\/collections\/"},{"@type":"ListItem","position":3,"name":"table et cuisine"}]},{"@type":"WebSite","@id":"https:\/\/www.beytug.com\/fr\/#website","url":"https:\/\/www.beytug.com\/fr\/","name":"Beytu\u011f Tekstil","description":"","potentialAction":[{"@type":"SearchAction","target":{"@type":"EntryPoint","urlTemplate":"https:\/\/www.beytug.com\/fr\/?s={search_term_string}"},"query-input":{"@type":"PropertyValueSpecification","valueRequired":true,"valueName":"search_term_string"}}],"inLanguage":"fr-FR"}]}},"jetpack_sharing_enabled":true,"_links":{"self":[{"href":"https:\/\/www.beytug.com\/fr\/wp-json\/wp\/v2\/pages\/25609","targetHints":{"allow":["GET"]}}],"collection":[{"href":"https:\/\/www.beytug.com\/fr\/wp-json\/wp\/v2\/pages"}],"about":[{"href":"https:\/\/www.beytug.com\/fr\/wp-json\/wp\/v2\/types\/page"}],"author":[{"embeddable":true,"href":"https:\/\/www.beytug.com\/fr\/wp-json\/wp\/v2\/users\/5"}],"replies":[{"embeddable":true,"href":"https:\/\/www.beytug.com\/fr\/wp-json\/wp\/v2\/comments?post=25609"}],"version-history":[{"count":17,"href":"https:\/\/www.beytug.com\/fr\/wp-json\/wp\/v2\/pages\/25609\/revisions"}],"predecessor-version":[{"id":25783,"href":"https:\/\/www.beytug.com\/fr\/wp-json\/wp\/v2\/pages\/25609\/revisions\/25783"}],"up":[{"embeddable":true,"href":"https:\/\/www.beytug.com\/fr\/wp-json\/wp\/v2\/pages\/25568"}],"wp:attachment":[{"href":"https:\/\/www.beytug.com\/fr\/wp-json\/wp\/v2\/media?parent=25609"}],"curies":[{"name":"wp","href":"https:\/\/api.w.org\/{rel}","templated":true}]}}